{"id":382,"date":"2026-02-09T06:23:08","date_gmt":"2026-02-09T06:23:08","guid":{"rendered":"https:\/\/discoveringperutravel.com\/?page_id=382"},"modified":"2026-02-18T03:03:26","modified_gmt":"2026-02-18T03:03:26","slug":"esnna-code","status":"publish","type":"page","link":"https:\/\/discoveringperutravel.com\/es\/esnna-code\/","title":{"rendered":"Codigo ESNNA"},"content":{"rendered":"<div data-elementor-type=\"wp-page\" data-elementor-id=\"382\" class=\"elementor elementor-382\" data-elementor-post-type=\"page\">\n\t\t\t\t\t\t<section class=\"elementor-section elementor-top-section elementor-element elementor-element-4301376a elementor-section-height-min-height elementor-section-boxed elementor-section-height-default elementor-section-items-middle\" data-id=\"4301376a\" data-element_type=\"section\" data-e-type=\"section\" data-settings=\"{&quot;background_background&quot;:&quot;classic&quot;}\">\n\t\t\t\t\t\t\t<div class=\"elementor-background-overlay\"><\/div>\n\t\t\t\t\t\t\t<div class=\"elementor-container elementor-column-gap-default\">\n\t\t\t\t\t<div class=\"elementor-column elementor-col-100 elementor-top-column elementor-element elementor-element-7c220b07\" data-id=\"7c220b07\" data-element_type=\"column\" data-e-type=\"column\">\n\t\t\t<div class=\"elementor-widget-wrap elementor-element-populated\">\n\t\t\t\t\t\t<div class=\"elementor-element elementor-element-267e57ad elementor-invisible elementor-widget elementor-widget-heading\" data-id=\"267e57ad\" data-element_type=\"widget\" data-e-type=\"widget\" data-settings=\"{&quot;_animation&quot;:&quot;slideInDown&quot;}\" data-widget_type=\"heading.default\">\n\t\t\t\t\t<h1 class=\"elementor-heading-title elementor-size-default\">Codigo ESNNA<\/h1>\t\t\t\t<\/div>\n\t\t\t\t\t<\/div>\n\t\t<\/div>\n\t\t\t\t\t<\/div>\n\t\t<\/section>\n\t\t<div class=\"elementor-element elementor-element-a81e355 e-flex e-con-boxed e-con e-parent\" data-id=\"a81e355\" data-element_type=\"container\" data-e-type=\"container\">\n\t\t\t\t\t<div class=\"e-con-inner\">\n\t\t\t\t<div class=\"elementor-element elementor-element-d3fba0c elementor-widget elementor-widget-heading\" data-id=\"d3fba0c\" data-element_type=\"widget\" data-e-type=\"widget\" data-widget_type=\"heading.default\">\n\t\t\t\t\t<h2 class=\"elementor-heading-title elementor-size-default\">Estamos comprometidos con el turismo responsable<\/h2>\t\t\t\t<\/div>\n\t\t\t\t\t<\/div>\n\t\t\t\t<\/div>\n\t\t<div class=\"elementor-element elementor-element-8812ac6 e-flex e-con-boxed e-con e-parent\" data-id=\"8812ac6\" data-element_type=\"container\" data-e-type=\"container\">\n\t\t\t\t\t<div class=\"e-con-inner\">\n\t\t<div class=\"elementor-element elementor-element-8501b54 e-con-full animated-slow e-flex elementor-invisible e-con e-child\" data-id=\"8501b54\" data-element_type=\"container\" data-e-type=\"container\" data-settings=\"{&quot;animation&quot;:&quot;fadeInLeft&quot;}\">\n\t\t\t\t<div class=\"elementor-element elementor-element-bb1cfc8 elementor-widget elementor-widget-image\" data-id=\"bb1cfc8\" data-element_type=\"widget\" data-e-type=\"widget\" data-widget_type=\"image.default\">\n\t\t\t\t\t\t\t\t\t\t\t\t\t\t\t<img fetchpriority=\"high\" decoding=\"async\" width=\"745\" height=\"1024\" src=\"https:\/\/discoveringperutravel.com\/wp-content\/uploads\/2026\/02\/Tours-1080-x-950-px-745x1024.png\" class=\"attachment-large size-large wp-image-386\" alt=\"\" srcset=\"https:\/\/discoveringperutravel.com\/wp-content\/uploads\/2026\/02\/Tours-1080-x-950-px-745x1024.png 745w, https:\/\/discoveringperutravel.com\/wp-content\/uploads\/2026\/02\/Tours-1080-x-950-px-218x300.png 218w, https:\/\/discoveringperutravel.com\/wp-content\/uploads\/2026\/02\/Tours-1080-x-950-px-768x1056.png 768w, https:\/\/discoveringperutravel.com\/wp-content\/uploads\/2026\/02\/Tours-1080-x-950-px.png 800w\" sizes=\"(max-width: 745px) 100vw, 745px\" \/>\t\t\t\t\t\t\t\t\t\t\t\t\t\t\t<\/div>\n\t\t\t\t<\/div>\n\t\t<div class=\"elementor-element elementor-element-2ac26bd e-con-full animated-slow e-flex elementor-invisible e-con e-child\" data-id=\"2ac26bd\" data-element_type=\"container\" data-e-type=\"container\" data-settings=\"{&quot;animation&quot;:&quot;fadeInRight&quot;,&quot;background_background&quot;:&quot;classic&quot;}\">\n\t\t<div class=\"elementor-element elementor-element-7ad4d7f e-con-full e-flex e-con e-child\" data-id=\"7ad4d7f\" data-element_type=\"container\" data-e-type=\"container\">\n\t\t\t\t<div class=\"elementor-element elementor-element-9519abe elementor-widget elementor-widget-heading\" data-id=\"9519abe\" data-element_type=\"widget\" data-e-type=\"widget\" data-widget_type=\"heading.default\">\n\t\t\t\t\t<h2 class=\"elementor-heading-title elementor-size-default\">CODIGO ESNNA<\/h2>\t\t\t\t<\/div>\n\t\t\t\t<div class=\"elementor-element elementor-element-682e3ee elementor-widget elementor-widget-text-editor\" data-id=\"682e3ee\" data-element_type=\"widget\" data-e-type=\"widget\" data-widget_type=\"text-editor.default\">\n\t\t\t\t\t\t\t\t\t<p>Con la promulgaci\u00f3n de la Ley N.\u00b0 28251, el Ministerio de Comercio Exterior y Turismo (MINCETUR) ha impulsado la pol\u00edtica contra la explotaci\u00f3n sexual de ni\u00f1os, ni\u00f1as y adolescentes (ESNNA). Por ello, DISCOVERING PERU TRAVEL se suma al cumplimiento y apoyo del c\u00f3digo ESNNA, implementando as\u00ed acciones conjuntas para prevenir y eliminar este problema. Por lo tanto, declaramos que:<\/p><p style=\"padding-left: 40px;\">\u25cf Rechazamos la Explotaci\u00f3n Sexual de Ni\u00f1as, Ni\u00f1os y Adolescentes (ESNNA) en el Per\u00fa y a nivel mundial, en general, y particularmente en su modalidad asociada a los viajes y el turismo, por ser una pr\u00e1ctica violatoria de los derechos humanos fundamentales y contraria a los objetivos intr\u00ednsecos del turismo en nuestro pa\u00eds.<\/p><p style=\"padding-left: 40px;\">\u25cf Denunciamos y condenamos a quienes utilizan el turismo y las instalaciones y servicios que \u00e9ste ofrece para promover, facilitar o tolerar la explotaci\u00f3n sexual de ni\u00f1as, ni\u00f1os y adolescentes; y en vista de lo anterior.<\/p><p><b>DISCOVERING PERU TRAVEL<\/b> suscribe este C\u00f3digo de Conducta contra la Explotaci\u00f3n Sexual de Ni\u00f1as, Ni\u00f1os y Adolescentes en el Sector Tur\u00edstico.<\/p><p>Adem\u00e1s, todo el personal de nuestra entidad, con el fin de tomar las medidas necesarias para proteger a los ni\u00f1os, ni\u00f1as y adolescentes de la explotaci\u00f3n sexual, se compromete a:<\/p><p style=\"padding-left: 40px;\">\u25cf Mantener una pol\u00edtica \u00e9tica de rechazo a la explotaci\u00f3n sexual comercial de ni\u00f1os, ni\u00f1as y adolescentes en el contexto de viajes y turismo.<\/p><p style=\"padding-left: 40px;\">\u25cf Informar y capacitar al personal sobre la pol\u00edtica de la empresa respecto a la prevenci\u00f3n de la explotaci\u00f3n sexual de ni\u00f1os, ni\u00f1as y adolescentes en el turismo y los viajes.<\/p><p style=\"padding-left: 40px;\">\u25cf Exhibir s\u00edmbolos visibles que alerten a clientes y proveedores sobre nuestra posici\u00f3n frente a la explotaci\u00f3n sexual de ni\u00f1os, ni\u00f1as y adolescentes en el turismo y los viajes.<\/p><p style=\"padding-left: 40px;\">\u25cf Incluir una cl\u00e1usula en los contratos con prestadores de servicios tur\u00edsticos que declare nuestro rechazo compartido a la explotaci\u00f3n sexual de ni\u00f1as, ni\u00f1os y adolescentes. Se utilizar\u00e1 el siguiente p\u00e1rrafo: \u00abEl turismo promueve una ni\u00f1ez y adolescencia libre de explotaci\u00f3n sexual; por lo tanto, no aceptamos ning\u00fan acto que favorezca la explotaci\u00f3n sexual de ni\u00f1as, ni\u00f1os y adolescentes\u00bb.<\/p>\t\t\t\t\t\t\t\t<\/div>\n\t\t\t\t<\/div>\n\t\t\t\t<\/div>\n\t\t\t\t\t<\/div>\n\t\t\t\t<\/div>\n\t\t\t\t<section class=\"elementor-section elementor-top-section elementor-element elementor-element-6c657a0e elementor-section-boxed elementor-section-height-default elementor-section-height-default\" data-id=\"6c657a0e\" data-element_type=\"section\" data-e-type=\"section\" data-settings=\"{&quot;background_background&quot;:&quot;classic&quot;}\">\n\t\t\t\t\t\t\t<div class=\"elementor-background-overlay\"><\/div>\n\t\t\t\t\t\t\t<div class=\"elementor-container elementor-column-gap-default\">\n\t\t\t\t\t<div class=\"elementor-column elementor-col-50 elementor-top-column elementor-element elementor-element-31503b13\" data-id=\"31503b13\" data-element_type=\"column\" data-e-type=\"column\">\n\t\t\t<div class=\"elementor-widget-wrap elementor-element-populated\">\n\t\t\t\t\t\t<div class=\"elementor-element elementor-element-558beae7 elementor-invisible elementor-widget elementor-widget-image\" data-id=\"558beae7\" data-element_type=\"widget\" data-e-type=\"widget\" data-settings=\"{&quot;_animation&quot;:&quot;slideInLeft&quot;}\" data-widget_type=\"image.default\">\n\t\t\t\t\t\t\t\t\t\t\t\t\t\t\t<img decoding=\"async\" width=\"1124\" height=\"1156\" src=\"https:\/\/discoveringperutravel.com\/wp-content\/uploads\/2026\/02\/Tours-3.png\" class=\"attachment-full size-full wp-image-301\" alt=\"\" srcset=\"https:\/\/discoveringperutravel.com\/wp-content\/uploads\/2026\/02\/Tours-3.png 1124w, https:\/\/discoveringperutravel.com\/wp-content\/uploads\/2026\/02\/Tours-3-292x300.png 292w, https:\/\/discoveringperutravel.com\/wp-content\/uploads\/2026\/02\/Tours-3-996x1024.png 996w, https:\/\/discoveringperutravel.com\/wp-content\/uploads\/2026\/02\/Tours-3-768x790.png 768w\" sizes=\"(max-width: 1124px) 100vw, 1124px\" \/>\t\t\t\t\t\t\t\t\t\t\t\t\t\t\t<\/div>\n\t\t\t\t<div class=\"elementor-element elementor-element-10d040fe elementor-widget elementor-widget-elementskit-video\" data-id=\"10d040fe\" data-element_type=\"widget\" data-e-type=\"widget\" data-widget_type=\"elementskit-video.default\">\n\t\t\t\t<div class=\"elementor-widget-container\">\n\t\t\t\t\t<div class=\"ekit-wid-con\" >\t\t<div class=\"video-content\" data-video-player=\"[]\" data-video-setting=\"{&quot;videoVolume&quot;:&quot;horizontal&quot;,&quot;startVolume&quot;:0.8,&quot;videoType&quot;:&quot;iframe&quot;,&quot;videoClass&quot;:&quot;mfp-fade&quot;,&quot;videoStyle&quot;:&quot;popup&quot;,&quot;videoTypeName&quot;:&quot;youtube&quot;,&quot;autoplay&quot;:true,&quot;muted&quot;:false,&quot;loop&quot;:false}\">\n\t\t\t\n<a class=\"ekit_icon_button glow-ripple ekit-video-popup ekit-video-popup-btn\" href=\"https:\/\/www.youtube.com\/embed\/VhBl3dHT5SY?feature=oembed?playlist=VhBl3dHT5SY&amp;mute=0&amp;autoplay=1&amp;loop=no&amp;controls=0&amp;start=0&amp;end=\" aria-label=\"video-popup\">\n\t\t\t\t<svg aria-hidden=\"true\" class=\"e-font-icon-svg e-fas-play\" viewbox=\"0 0 448 512\" xmlns=\"http:\/\/www.w3.org\/2000\/svg\"><path d=\"M424.4 214.7L72.4 6.6C43.8-10.3 0 6.1 0 47.9V464c0 37.5 40.7 60.1 72.4 41.3l352-208c31.4-18.5 31.5-64.1 0-82.6z\"><\/path><\/svg>\t\t\n\t\t\t<\/a>\n\t\t\t\t\t\t\t<div class=\"ekit-hidden-icons\" hidden aria-hidden=\"true\">\n\t\t\t\t\t<i class=\"ekit-popup-close-icon icon icon-cancel\"><\/i>\t\t\t\t<\/div>\n\t\t<\/div>\n\t\t<\/div>\t\t\t\t<\/div>\n\t\t\t\t<\/div>\n\t\t\t\t\t<\/div>\n\t\t<\/div>\n\t\t\t\t<div class=\"elementor-column elementor-col-50 elementor-top-column elementor-element elementor-element-234d05dc\" data-id=\"234d05dc\" data-element_type=\"column\" data-e-type=\"column\" data-settings=\"{&quot;background_background&quot;:&quot;classic&quot;}\">\n\t\t\t<div class=\"elementor-widget-wrap elementor-element-populated\">\n\t\t\t\t\t\t<div class=\"elementor-element elementor-element-cec97fe elementor-invisible elementor-widget elementor-widget-heading\" data-id=\"cec97fe\" data-element_type=\"widget\" data-e-type=\"widget\" data-settings=\"{&quot;_animation&quot;:&quot;slideInRight&quot;}\" data-widget_type=\"heading.default\">\n\t\t\t\t\t<h2 class=\"elementor-heading-title elementor-size-default\">Vive junto a Discovering Peru Travel<\/h2>\t\t\t\t<\/div>\n\t\t\t\t<div class=\"elementor-element elementor-element-2182af41 elementor-invisible elementor-widget elementor-widget-heading\" data-id=\"2182af41\" data-element_type=\"widget\" data-e-type=\"widget\" data-settings=\"{&quot;_animation&quot;:&quot;bounceInRight&quot;}\" data-widget_type=\"heading.default\">\n\t\t\t\t\t<h1 class=\"elementor-heading-title elementor-size-default\">Una aventura unica en Per\u00fa.<\/h1>\t\t\t\t<\/div>\n\t\t\t\t<div class=\"elementor-element elementor-element-40a88b11 elementor-invisible elementor-widget elementor-widget-text-editor\" data-id=\"40a88b11\" data-element_type=\"widget\" data-e-type=\"widget\" data-settings=\"{&quot;_animation&quot;:&quot;slideInUp&quot;}\" data-widget_type=\"text-editor.default\">\n\t\t\t\t\t\t\t\t\t<p>Nuestras experiencias de viaje est\u00e1n dise\u00f1adas para que disfrutes al m\u00e1ximo de tu aventura. Descubre con nosotros lo mejor de Cusco, Machu Picchu, el Valle Sagrado y los destinos m\u00e1s emblem\u00e1ticos de los Andes peruanos.<\/p>\t\t\t\t\t\t\t\t<\/div>\n\t\t\t\t<div class=\"elementor-element elementor-element-716c564c elementor-align-left elementor-mobile-align-center elementor-invisible elementor-widget elementor-widget-button\" data-id=\"716c564c\" data-element_type=\"widget\" data-e-type=\"widget\" data-settings=\"{&quot;_animation&quot;:&quot;zoomIn&quot;}\" data-widget_type=\"button.default\">\n\t\t\t\t\t\t\t\t\t\t<a class=\"elementor-button elementor-button-link elementor-size-sm elementor-animation-hang\" href=\"https:\/\/discoveringperutravel.com\/es\/services\/\">\n\t\t\t\t\t\t<span class=\"elementor-button-content-wrapper\">\n\t\t\t\t\t\t<span class=\"elementor-button-icon\">\n\t\t\t\t<i aria-hidden=\"true\" class=\"icon icon-right-arrow\"><\/i>\t\t\t<\/span>\n\t\t\t\t\t\t\t\t\t<span class=\"elementor-button-text\">Conoce m\u00e1s<\/span>\n\t\t\t\t\t<\/span>\n\t\t\t\t\t<\/a>\n\t\t\t\t\t\t\t\t<\/div>\n\t\t\t\t\t<\/div>\n\t\t<\/div>\n\t\t\t\t\t<\/div>\n\t\t<\/section>\n\t\t\t\t<\/div>","protected":false},"excerpt":{"rendered":"<p>ESNNA Code We are committed to responsible tourism ESNNA CODE With the creation of Law No. 28251, the Ministry of Foreign Trade and Tourism (MINCETUR) has promoted the policy against the sexual exploitation of children and adolescents (ESNNA). For this reason, DISCOVERING PERU TRAVEL joins in complying with and supporting the ESNNA code, thus taking [&hellip;]<\/p>\n","protected":false},"author":1,"featured_media":0,"parent":0,"menu_order":0,"comment_status":"closed","ping_status":"closed","template":"elementor_header_footer","meta":{"footnotes":""},"class_list":["post-382","page","type-page","status-publish","hentry"],"_links":{"self":[{"href":"https:\/\/discoveringperutravel.com\/es\/wp-json\/wp\/v2\/pages\/382","targetHints":{"allow":["GET"]}}],"collection":[{"href":"https:\/\/discoveringperutravel.com\/es\/wp-json\/wp\/v2\/pages"}],"about":[{"href":"https:\/\/discoveringperutravel.com\/es\/wp-json\/wp\/v2\/types\/page"}],"author":[{"embeddable":true,"href":"https:\/\/discoveringperutravel.com\/es\/wp-json\/wp\/v2\/users\/1"}],"replies":[{"embeddable":true,"href":"https:\/\/discoveringperutravel.com\/es\/wp-json\/wp\/v2\/comments?post=382"}],"version-history":[{"count":13,"href":"https:\/\/discoveringperutravel.com\/es\/wp-json\/wp\/v2\/pages\/382\/revisions"}],"predecessor-version":[{"id":649,"href":"https:\/\/discoveringperutravel.com\/es\/wp-json\/wp\/v2\/pages\/382\/revisions\/649"}],"wp:attachment":[{"href":"https:\/\/discoveringperutravel.com\/es\/wp-json\/wp\/v2\/media?parent=382"}],"curies":[{"name":"wp","href":"https:\/\/api.w.org\/{rel}","templated":true}]}}