{"id":365,"date":"2026-02-09T05:19:55","date_gmt":"2026-02-09T05:19:55","guid":{"rendered":"https:\/\/discoveringperutravel.com\/?page_id=365"},"modified":"2026-02-18T02:48:00","modified_gmt":"2026-02-18T02:48:00","slug":"payment-methods","status":"publish","type":"page","link":"https:\/\/discoveringperutravel.com\/es\/payment-methods\/","title":{"rendered":"M\u00e9todos de Pago"},"content":{"rendered":"<div data-elementor-type=\"wp-page\" data-elementor-id=\"365\" class=\"elementor elementor-365\" data-elementor-post-type=\"page\">\n\t\t\t\t\t\t<section class=\"elementor-section elementor-top-section elementor-element elementor-element-4301376a elementor-section-height-min-height elementor-section-boxed elementor-section-height-default elementor-section-items-middle\" data-id=\"4301376a\" data-element_type=\"section\" data-e-type=\"section\" data-settings=\"{&quot;background_background&quot;:&quot;classic&quot;}\">\n\t\t\t\t\t\t\t<div class=\"elementor-background-overlay\"><\/div>\n\t\t\t\t\t\t\t<div class=\"elementor-container elementor-column-gap-default\">\n\t\t\t\t\t<div class=\"elementor-column elementor-col-100 elementor-top-column elementor-element elementor-element-7c220b07\" data-id=\"7c220b07\" data-element_type=\"column\" data-e-type=\"column\">\n\t\t\t<div class=\"elementor-widget-wrap elementor-element-populated\">\n\t\t\t\t\t\t<div class=\"elementor-element elementor-element-267e57ad elementor-invisible elementor-widget elementor-widget-heading\" data-id=\"267e57ad\" data-element_type=\"widget\" data-e-type=\"widget\" data-settings=\"{&quot;_animation&quot;:&quot;slideInDown&quot;}\" data-widget_type=\"heading.default\">\n\t\t\t\t\t<h1 class=\"elementor-heading-title elementor-size-default\">M\u00e9todos de Pago<\/h1>\t\t\t\t<\/div>\n\t\t\t\t\t<\/div>\n\t\t<\/div>\n\t\t\t\t\t<\/div>\n\t\t<\/section>\n\t\t<div class=\"elementor-element elementor-element-a81e355 e-flex e-con-boxed e-con e-parent\" data-id=\"a81e355\" data-element_type=\"container\" data-e-type=\"container\">\n\t\t\t\t\t<div class=\"e-con-inner\">\n\t\t\t\t<div class=\"elementor-element elementor-element-d3fba0c elementor-widget elementor-widget-heading\" data-id=\"d3fba0c\" data-element_type=\"widget\" data-e-type=\"widget\" data-widget_type=\"heading.default\">\n\t\t\t\t\t<h2 class=\"elementor-heading-title elementor-size-default\">El proceso comienza con 2 pasos:<\/h2>\t\t\t\t<\/div>\n\t\t\t\t\t<\/div>\n\t\t\t\t<\/div>\n\t\t<div class=\"elementor-element elementor-element-8812ac6 e-flex e-con-boxed e-con e-parent\" data-id=\"8812ac6\" data-element_type=\"container\" data-e-type=\"container\">\n\t\t\t\t\t<div class=\"e-con-inner\">\n\t\t<div class=\"elementor-element elementor-element-8501b54 e-con-full animated-slow e-flex elementor-invisible e-con e-child\" data-id=\"8501b54\" data-element_type=\"container\" data-e-type=\"container\" data-settings=\"{&quot;animation&quot;:&quot;fadeInLeft&quot;}\">\n\t\t\t\t<div class=\"elementor-element elementor-element-4ca454a ekit-equal-height-disable elementor-widget elementor-widget-elementskit-icon-box\" data-id=\"4ca454a\" data-element_type=\"widget\" data-e-type=\"widget\" data-widget_type=\"elementskit-icon-box.default\">\n\t\t\t\t\t<div class=\"ekit-wid-con\" >        <!-- link opening -->\n                <!-- end link opening -->\n\n        <div class=\"elementskit-infobox text-center text- icon-top-align elementor-animation-\">\n                            <div class=\"elementskit-box-header\">\n                <div class=\"elementskit-info-box-icon\">\n                    <img decoding=\"async\" width=\"64\" height=\"64\" src=\"https:\/\/discoveringperutravel.com\/wp-content\/uploads\/2026\/02\/pasaporte-2.png\" class=\"attachment- size-\" alt=\"\" \/>                <\/div>\n          <\/div>\n                <div class=\"box-body\">\n                            <h3 class=\"elementskit-info-box-title\">\n                    Pasaporte de los Participantes                <\/h3>\n                        \t\t  \t<p>Puede enviarlo en formato JPG, PDF o escaneado. Es importante que sus datos personales (nombre completo, n\u00famero de pasaporte, fecha de nacimiento y nacionalidad) sean claramente visibles. Puede enviarlo directamente por correo electr\u00f3nico o WhatsApp. Recuerde que este documento se utiliza \u00fanicamente para realizar su reserva.<\/p>\n                                <\/div>\n        \n        \n                <\/div>\n        <\/div>\t\t\t\t<\/div>\n\t\t\t\t<\/div>\n\t\t<div class=\"elementor-element elementor-element-2ac26bd e-con-full animated-slow e-flex elementor-invisible e-con e-child\" data-id=\"2ac26bd\" data-element_type=\"container\" data-e-type=\"container\" data-settings=\"{&quot;animation&quot;:&quot;fadeInRight&quot;}\">\n\t\t\t\t<div class=\"elementor-element elementor-element-66116d8 ekit-equal-height-disable elementor-widget elementor-widget-elementskit-icon-box\" data-id=\"66116d8\" data-element_type=\"widget\" data-e-type=\"widget\" data-widget_type=\"elementskit-icon-box.default\">\n\t\t\t\t\t<div class=\"ekit-wid-con\" >        <!-- link opening -->\n                <!-- end link opening -->\n\n        <div class=\"elementskit-infobox text-center text- icon-top-align elementor-animation-\">\n                            <div class=\"elementskit-box-header\">\n                <div class=\"elementskit-info-box-icon\">\n                    <img decoding=\"async\" width=\"64\" height=\"64\" src=\"https:\/\/discoveringperutravel.com\/wp-content\/uploads\/2026\/02\/50-por-ciento.png\" class=\"attachment- size-\" alt=\"\" \/>                <\/div>\n          <\/div>\n                <div class=\"box-body\">\n                            <h3 class=\"elementskit-info-box-title\">\n                    Pagar el 50% de Adelanto                <\/h3>\n                        \t\t  \t<p>Puede elegir una de nuestras opciones de pago para abonar directamente el 50% del dep\u00f3sito de su reserva. Tenga en cuenta que cada m\u00e9todo de pago tiene una comisi\u00f3n, que es responsabilidad del cliente. Nuestros asesores de viajes le informar\u00e1n sobre las comisiones aplicables antes de realizar el pago.<\/p>\n                                <\/div>\n        \n        \n                <\/div>\n        <\/div>\t\t\t\t<\/div>\n\t\t\t\t<\/div>\n\t\t\t\t\t<\/div>\n\t\t\t\t<\/div>\n\t\t<div class=\"elementor-element elementor-element-742a034 animated-slow e-flex e-con-boxed elementor-invisible e-con e-parent\" data-id=\"742a034\" data-element_type=\"container\" data-e-type=\"container\" data-settings=\"{&quot;animation&quot;:&quot;fadeInLeft&quot;}\">\n\t\t\t\t\t<div class=\"e-con-inner\">\n\t\t<div class=\"elementor-element elementor-element-9e62561 e-con-full e-flex e-con e-child\" data-id=\"9e62561\" data-element_type=\"container\" data-e-type=\"container\">\n\t\t\t\t<div class=\"elementor-element elementor-element-d8e1799 elementor-widget elementor-widget-image\" data-id=\"d8e1799\" data-element_type=\"widget\" data-e-type=\"widget\" data-widget_type=\"image.default\">\n\t\t\t\t\t\t\t\t\t\t\t\t\t\t\t<img fetchpriority=\"high\" decoding=\"async\" width=\"800\" height=\"519\" src=\"https:\/\/discoveringperutravel.com\/wp-content\/uploads\/2026\/02\/1-5-1024x664.png\" class=\"attachment-large size-large wp-image-372\" alt=\"\" srcset=\"https:\/\/discoveringperutravel.com\/wp-content\/uploads\/2026\/02\/1-5-1024x664.png 1024w, https:\/\/discoveringperutravel.com\/wp-content\/uploads\/2026\/02\/1-5-300x194.png 300w, https:\/\/discoveringperutravel.com\/wp-content\/uploads\/2026\/02\/1-5-768x498.png 768w, https:\/\/discoveringperutravel.com\/wp-content\/uploads\/2026\/02\/1-5.png 1080w\" sizes=\"(max-width: 800px) 100vw, 800px\" \/>\t\t\t\t\t\t\t\t\t\t\t\t\t\t\t<\/div>\n\t\t\t\t<\/div>\n\t\t<div class=\"elementor-element elementor-element-3046d1f e-con-full e-flex e-con e-child\" data-id=\"3046d1f\" data-element_type=\"container\" data-e-type=\"container\">\n\t\t\t\t<div class=\"elementor-element elementor-element-ed131b2 elementor-widget elementor-widget-heading\" data-id=\"ed131b2\" data-element_type=\"widget\" data-e-type=\"widget\" data-widget_type=\"heading.default\">\n\t\t\t\t\t<h4 class=\"elementor-heading-title elementor-size-default\">OPCION 1: TARJETA DE CREDITO O DEBITO<\/h4>\t\t\t\t<\/div>\n\t\t\t\t<div class=\"elementor-element elementor-element-09c8d39 elementor-widget elementor-widget-text-editor\" data-id=\"09c8d39\" data-element_type=\"widget\" data-e-type=\"widget\" data-widget_type=\"text-editor.default\">\n\t\t\t\t\t\t\t\t\t<div class=\"n4sEPd\"><div class=\"QFw9Te BLojaf\">\u00a0Con esta opci\u00f3n podr\u00e1s realizar pagos utilizando <strong>VISA, MasterCard, American Express y Diners Club.<\/strong><\/div><div class=\"FFpbKc\"><div>\u00a0<\/div><div class=\"xMmqsf\"><span class=\"jCAhz ChMk0b\"><span class=\"ryNqvb\">&#8211; <strong>Activar transacciones internacionales<\/strong>:Esto se realiza directamente con el emisor de tu tarjeta y te permite realizar compras internacionales (en muchos casos, esto no se activa autom\u00e1ticamente por razones de seguridad).<\/span><\/span><\/div><div class=\"xMmqsf\"><span class=\"jCAhz ChMk0b\"><span class=\"ryNqvb\">&#8211; <strong>Completa el formulario<\/strong>: Rellene todos los campos obligatorios e indique el importe que desea pagar (deber\u00e1 a\u00f1adir un 5% al \u200b\u200bimporte seleccionado para utilizar esta pasarela de pago).<\/span><\/span><\/div><div class=\"xMmqsf\"><span class=\"jCAhz ChMk0b\"><span class=\"ryNqvb\">&#8211; <strong>Continuar<\/strong>:Al hacer clic en el bot\u00f3n \u201cContinuar\u201d, puede agregar los detalles de su tarjeta.<\/span><\/span><\/div><div class=\"xMmqsf\"><span class=\"jCAhz ChMk0b\"><span class=\"ryNqvb\">&#8211; <strong>Confirmaci\u00f3n<\/strong>:Al realizar el pago, recibir\u00e1s inmediatamente un correo electr\u00f3nico de confirmaci\u00f3n.<\/span><\/span><\/div><div class=\"xMmqsf\"><span class=\"jCAhz ChMk0b\"><span class=\"ryNqvb\">&#8211; <strong>Mensaje de Confirmaci\u00f3n<\/strong>:Luego de completar el proceso, puedes enviarnos una captura de pantalla del pago para que podamos revisarlo en nuestro sistema y confirmarlo de inmediato.<\/span><\/span><\/div><div>\u00a0<\/div><div class=\"xMmqsf\"><span class=\"jCAhz ChMk0b\"><span class=\"ryNqvb\">Tambi\u00e9n puedes iniciar el proceso haciendo clic <strong><em><span style=\"color: #0000ff;\">EN ESTE ENLACE<\/span><\/em><\/strong> para acceder a la pasarela de pago.<\/span><\/span><\/div><\/div><\/div>\t\t\t\t\t\t\t\t<\/div>\n\t\t\t\t<\/div>\n\t\t\t\t\t<\/div>\n\t\t\t\t<\/div>\n\t\t<div class=\"elementor-element elementor-element-d46877b animated-slow e-flex e-con-boxed elementor-invisible e-con e-parent\" data-id=\"d46877b\" data-element_type=\"container\" data-e-type=\"container\" data-settings=\"{&quot;animation&quot;:&quot;fadeInRight&quot;}\">\n\t\t\t\t\t<div class=\"e-con-inner\">\n\t\t<div class=\"elementor-element elementor-element-2dc48f4 e-con-full e-flex e-con e-child\" data-id=\"2dc48f4\" data-element_type=\"container\" data-e-type=\"container\">\n\t\t\t\t<div class=\"elementor-element elementor-element-764fec3 elementor-widget elementor-widget-image\" data-id=\"764fec3\" data-element_type=\"widget\" data-e-type=\"widget\" data-widget_type=\"image.default\">\n\t\t\t\t\t\t\t\t\t\t\t\t\t\t\t<img loading=\"lazy\" decoding=\"async\" width=\"800\" height=\"519\" src=\"https:\/\/discoveringperutravel.com\/wp-content\/uploads\/2026\/02\/Portadas-Web-1080-x-700-px-1024x664.png\" class=\"attachment-large size-large wp-image-394\" alt=\"\" srcset=\"https:\/\/discoveringperutravel.com\/wp-content\/uploads\/2026\/02\/Portadas-Web-1080-x-700-px-1024x664.png 1024w, https:\/\/discoveringperutravel.com\/wp-content\/uploads\/2026\/02\/Portadas-Web-1080-x-700-px-300x194.png 300w, https:\/\/discoveringperutravel.com\/wp-content\/uploads\/2026\/02\/Portadas-Web-1080-x-700-px-768x498.png 768w, https:\/\/discoveringperutravel.com\/wp-content\/uploads\/2026\/02\/Portadas-Web-1080-x-700-px.png 1080w\" sizes=\"(max-width: 800px) 100vw, 800px\" \/>\t\t\t\t\t\t\t\t\t\t\t\t\t\t\t<\/div>\n\t\t\t\t<\/div>\n\t\t<div class=\"elementor-element elementor-element-0b35988 e-con-full e-flex e-con e-child\" data-id=\"0b35988\" data-element_type=\"container\" data-e-type=\"container\">\n\t\t\t\t<div class=\"elementor-element elementor-element-eff18ec elementor-widget elementor-widget-heading\" data-id=\"eff18ec\" data-element_type=\"widget\" data-e-type=\"widget\" data-widget_type=\"heading.default\">\n\t\t\t\t\t<h4 class=\"elementor-heading-title elementor-size-default\">OPCION 2: TRANSFERENCIA BANCARIA<\/h4>\t\t\t\t<\/div>\n\t\t\t\t<div class=\"elementor-element elementor-element-3297552 elementor-widget elementor-widget-text-editor\" data-id=\"3297552\" data-element_type=\"widget\" data-e-type=\"widget\" data-widget_type=\"text-editor.default\">\n\t\t\t\t\t\t\t\t\t<div class=\"n4sEPd\"><div class=\"QFw9Te BLojaf\"><table dir=\"ltr\" border=\"1\" cellspacing=\"0\" cellpadding=\"0\" data-sheets-root=\"1\" data-sheets-baot=\"1\"><colgroup><col width=\"148\" \/><col width=\"125\" \/><\/colgroup><tbody><tr><td style=\"text-align: center;\"><strong>Nombre del Banco<\/strong><\/td><td style=\"text-align: center;\">BANCO DE CREDITO DEL PER\u00da<\/td><\/tr><tr><td style=\"text-align: center;\"><strong>Codigo Swift<\/strong><\/td><td style=\"text-align: center;\">BCPLPEPPL<\/td><\/tr><tr><td style=\"text-align: center;\"><strong>N\u00b0 de cuenta en Dolares<\/strong><\/td><td style=\"text-align: center;\">285-1025112-1-63<\/td><\/tr><tr><td style=\"text-align: center;\"><strong>Nombre de la cuenta<\/strong><\/td><td style=\"text-align: center;\">DISCOVERING PERU TRAVEL<\/td><\/tr><\/tbody><\/table><\/div><\/div>\t\t\t\t\t\t\t\t<\/div>\n\t\t\t\t<\/div>\n\t\t\t\t\t<\/div>\n\t\t\t\t<\/div>\n\t\t<div class=\"elementor-element elementor-element-f067d39 animated-slow e-flex e-con-boxed elementor-invisible e-con e-parent\" data-id=\"f067d39\" data-element_type=\"container\" data-e-type=\"container\" data-settings=\"{&quot;animation&quot;:&quot;fadeInLeft&quot;}\">\n\t\t\t\t\t<div class=\"e-con-inner\">\n\t\t<div class=\"elementor-element elementor-element-9af182b e-con-full e-flex e-con e-child\" data-id=\"9af182b\" data-element_type=\"container\" data-e-type=\"container\">\n\t\t\t\t<div class=\"elementor-element elementor-element-6a06ee7 elementor-widget elementor-widget-image\" data-id=\"6a06ee7\" data-element_type=\"widget\" data-e-type=\"widget\" data-widget_type=\"image.default\">\n\t\t\t\t\t\t\t\t\t\t\t\t\t\t\t<img loading=\"lazy\" decoding=\"async\" width=\"800\" height=\"519\" src=\"https:\/\/discoveringperutravel.com\/wp-content\/uploads\/2026\/02\/2-6-1024x664.png\" class=\"attachment-large size-large wp-image-373\" alt=\"\" srcset=\"https:\/\/discoveringperutravel.com\/wp-content\/uploads\/2026\/02\/2-6-1024x664.png 1024w, https:\/\/discoveringperutravel.com\/wp-content\/uploads\/2026\/02\/2-6-300x194.png 300w, https:\/\/discoveringperutravel.com\/wp-content\/uploads\/2026\/02\/2-6-768x498.png 768w, https:\/\/discoveringperutravel.com\/wp-content\/uploads\/2026\/02\/2-6.png 1080w\" sizes=\"(max-width: 800px) 100vw, 800px\" \/>\t\t\t\t\t\t\t\t\t\t\t\t\t\t\t<\/div>\n\t\t\t\t<\/div>\n\t\t<div class=\"elementor-element elementor-element-53862d1 e-con-full e-flex e-con e-child\" data-id=\"53862d1\" data-element_type=\"container\" data-e-type=\"container\">\n\t\t\t\t<div class=\"elementor-element elementor-element-ea89620 elementor-widget elementor-widget-heading\" data-id=\"ea89620\" data-element_type=\"widget\" data-e-type=\"widget\" data-widget_type=\"heading.default\">\n\t\t\t\t\t<h4 class=\"elementor-heading-title elementor-size-default\">OPCI\u00d3N 3: WESTERN UNION<\/h4>\t\t\t\t<\/div>\n\t\t\t\t<div class=\"elementor-element elementor-element-620c9a9 elementor-widget elementor-widget-text-editor\" data-id=\"620c9a9\" data-element_type=\"widget\" data-e-type=\"widget\" data-widget_type=\"text-editor.default\">\n\t\t\t\t\t\t\t\t\t<div class=\"n4sEPd\"><div class=\"QFw9Te BLojaf\"><p>Sin duda, es el m\u00e9todo de transferencia de dinero m\u00e1s accesible para todos. Solo sigue estos pasos:<\/p><p>Tienes la opci\u00f3n de enviar dinero en l\u00ednea visitando el sitio <strong><em><span style=\"color: #0000ff;\"><a style=\"color: #0000ff;\" href=\"https:\/\/www.westernunion.com\/us\/es\/web\/send-money\/start\">Web de Western Union<\/a><\/span><\/em><\/strong> o acudir a un agente autorizado de Western Union cerca de tu domicilio (hay miles en todo el mundo), donde podr\u00e1s llenar un formulario y realizar el pago en efectivo correspondiente.<\/p><p>Por favor usa la siguiente informaci\u00f3n:<\/p><p>&#8211; <strong>Nombre<\/strong>: Marcela Cornejo Gamero<br \/>&#8211; <strong>Identificaci\u00f3n<\/strong>: 40489611<br \/>&#8211; <strong>Direcci\u00f3n<\/strong>: Calle Oswaldo Baca 217 Depto 601 Cusco Cusco Per\u00fa<\/p><p><strong>Importante<\/strong>Recuerde traer su identificaci\u00f3n para completar la transacci\u00f3n. Al recibir el comprobante de pago, debe enviarnos una foto del <strong>Codigo MTCN<\/strong> (<em>N\u00famero de control de transferencia de dinero<\/em>).<\/p><\/div><\/div>\t\t\t\t\t\t\t\t<\/div>\n\t\t\t\t<\/div>\n\t\t\t\t\t<\/div>\n\t\t\t\t<\/div>\n\t\t\t\t<section class=\"elementor-section elementor-top-section elementor-element elementor-element-6c657a0e elementor-section-boxed elementor-section-height-default elementor-section-height-default\" data-id=\"6c657a0e\" data-element_type=\"section\" data-e-type=\"section\" data-settings=\"{&quot;background_background&quot;:&quot;classic&quot;}\">\n\t\t\t\t\t\t\t<div class=\"elementor-background-overlay\"><\/div>\n\t\t\t\t\t\t\t<div class=\"elementor-container elementor-column-gap-default\">\n\t\t\t\t\t<div class=\"elementor-column elementor-col-50 elementor-top-column elementor-element elementor-element-31503b13\" data-id=\"31503b13\" data-element_type=\"column\" data-e-type=\"column\">\n\t\t\t<div class=\"elementor-widget-wrap elementor-element-populated\">\n\t\t\t\t\t\t<div class=\"elementor-element elementor-element-558beae7 elementor-invisible elementor-widget elementor-widget-image\" data-id=\"558beae7\" data-element_type=\"widget\" data-e-type=\"widget\" data-settings=\"{&quot;_animation&quot;:&quot;slideInLeft&quot;}\" data-widget_type=\"image.default\">\n\t\t\t\t\t\t\t\t\t\t\t\t\t\t\t<img loading=\"lazy\" decoding=\"async\" width=\"1124\" height=\"1156\" src=\"https:\/\/discoveringperutravel.com\/wp-content\/uploads\/2026\/02\/Tours-3.png\" class=\"attachment-full size-full wp-image-301\" alt=\"\" srcset=\"https:\/\/discoveringperutravel.com\/wp-content\/uploads\/2026\/02\/Tours-3.png 1124w, https:\/\/discoveringperutravel.com\/wp-content\/uploads\/2026\/02\/Tours-3-292x300.png 292w, https:\/\/discoveringperutravel.com\/wp-content\/uploads\/2026\/02\/Tours-3-996x1024.png 996w, https:\/\/discoveringperutravel.com\/wp-content\/uploads\/2026\/02\/Tours-3-768x790.png 768w\" sizes=\"(max-width: 1124px) 100vw, 1124px\" \/>\t\t\t\t\t\t\t\t\t\t\t\t\t\t\t<\/div>\n\t\t\t\t<div class=\"elementor-element elementor-element-10d040fe elementor-widget elementor-widget-elementskit-video\" data-id=\"10d040fe\" data-element_type=\"widget\" data-e-type=\"widget\" data-widget_type=\"elementskit-video.default\">\n\t\t\t\t<div class=\"elementor-widget-container\">\n\t\t\t\t\t<div class=\"ekit-wid-con\" >\t\t<div class=\"video-content\" data-video-player=\"[]\" data-video-setting=\"{&quot;videoVolume&quot;:&quot;horizontal&quot;,&quot;startVolume&quot;:0.8,&quot;videoType&quot;:&quot;iframe&quot;,&quot;videoClass&quot;:&quot;mfp-fade&quot;,&quot;videoStyle&quot;:&quot;popup&quot;,&quot;videoTypeName&quot;:&quot;youtube&quot;,&quot;autoplay&quot;:true,&quot;muted&quot;:false,&quot;loop&quot;:false}\">\n\t\t\t\n<a class=\"ekit_icon_button glow-ripple ekit-video-popup ekit-video-popup-btn\" href=\"https:\/\/www.youtube.com\/embed\/VhBl3dHT5SY?feature=oembed?playlist=VhBl3dHT5SY&amp;mute=0&amp;autoplay=1&amp;loop=no&amp;controls=0&amp;start=0&amp;end=\" aria-label=\"video-popup\">\n\t\t\t\t<svg aria-hidden=\"true\" class=\"e-font-icon-svg e-fas-play\" viewbox=\"0 0 448 512\" xmlns=\"http:\/\/www.w3.org\/2000\/svg\"><path d=\"M424.4 214.7L72.4 6.6C43.8-10.3 0 6.1 0 47.9V464c0 37.5 40.7 60.1 72.4 41.3l352-208c31.4-18.5 31.5-64.1 0-82.6z\"><\/path><\/svg>\t\t\n\t\t\t<\/a>\n\t\t\t\t\t\t\t<div class=\"ekit-hidden-icons\" hidden aria-hidden=\"true\">\n\t\t\t\t\t<i class=\"ekit-popup-close-icon icon icon-cancel\"><\/i>\t\t\t\t<\/div>\n\t\t<\/div>\n\t\t<\/div>\t\t\t\t<\/div>\n\t\t\t\t<\/div>\n\t\t\t\t\t<\/div>\n\t\t<\/div>\n\t\t\t\t<div class=\"elementor-column elementor-col-50 elementor-top-column elementor-element elementor-element-234d05dc\" data-id=\"234d05dc\" data-element_type=\"column\" data-e-type=\"column\" data-settings=\"{&quot;background_background&quot;:&quot;classic&quot;}\">\n\t\t\t<div class=\"elementor-widget-wrap elementor-element-populated\">\n\t\t\t\t\t\t<div class=\"elementor-element elementor-element-cec97fe elementor-invisible elementor-widget elementor-widget-heading\" data-id=\"cec97fe\" data-element_type=\"widget\" data-e-type=\"widget\" data-settings=\"{&quot;_animation&quot;:&quot;slideInRight&quot;}\" data-widget_type=\"heading.default\">\n\t\t\t\t\t<h2 class=\"elementor-heading-title elementor-size-default\">Vive junto a Discovering Peru Travel<\/h2>\t\t\t\t<\/div>\n\t\t\t\t<div class=\"elementor-element elementor-element-2182af41 elementor-invisible elementor-widget elementor-widget-heading\" data-id=\"2182af41\" data-element_type=\"widget\" data-e-type=\"widget\" data-settings=\"{&quot;_animation&quot;:&quot;bounceInRight&quot;}\" data-widget_type=\"heading.default\">\n\t\t\t\t\t<h1 class=\"elementor-heading-title elementor-size-default\">Una aventura unica en Per\u00fa.<\/h1>\t\t\t\t<\/div>\n\t\t\t\t<div class=\"elementor-element elementor-element-40a88b11 elementor-invisible elementor-widget elementor-widget-text-editor\" data-id=\"40a88b11\" data-element_type=\"widget\" data-e-type=\"widget\" data-settings=\"{&quot;_animation&quot;:&quot;slideInUp&quot;}\" data-widget_type=\"text-editor.default\">\n\t\t\t\t\t\t\t\t\t<p>Nuestras experiencias de viaje est\u00e1n dise\u00f1adas para que disfrutes al m\u00e1ximo de tu aventura. Descubre con nosotros lo mejor de Cusco, Machu Picchu, el Valle Sagrado y los destinos m\u00e1s emblem\u00e1ticos de los Andes peruanos.<\/p>\t\t\t\t\t\t\t\t<\/div>\n\t\t\t\t<div class=\"elementor-element elementor-element-716c564c elementor-align-left elementor-mobile-align-center elementor-invisible elementor-widget elementor-widget-button\" data-id=\"716c564c\" data-element_type=\"widget\" data-e-type=\"widget\" data-settings=\"{&quot;_animation&quot;:&quot;zoomIn&quot;}\" data-widget_type=\"button.default\">\n\t\t\t\t\t\t\t\t\t\t<a class=\"elementor-button elementor-button-link elementor-size-sm elementor-animation-hang\" href=\"https:\/\/discoveringperutravel.com\/es\/services\/\">\n\t\t\t\t\t\t<span class=\"elementor-button-content-wrapper\">\n\t\t\t\t\t\t<span class=\"elementor-button-icon\">\n\t\t\t\t<i aria-hidden=\"true\" class=\"icon icon-right-arrow\"><\/i>\t\t\t<\/span>\n\t\t\t\t\t\t\t\t\t<span class=\"elementor-button-text\">Conoce m\u00e1s<\/span>\n\t\t\t\t\t<\/span>\n\t\t\t\t\t<\/a>\n\t\t\t\t\t\t\t\t<\/div>\n\t\t\t\t\t<\/div>\n\t\t<\/div>\n\t\t\t\t\t<\/div>\n\t\t<\/section>\n\t\t\t\t<\/div>","protected":false},"excerpt":{"rendered":"<p>Payment methods The process begins with 2 steps: Passport photo of participants You can send it in JPG, PDF, or scanned format. It&#8217;s important that your personal information (full name, passport number, date of birth, and nationality) is clearly visible. You can send it directly via email or WhatsApp. Please remember that this document is [&hellip;]<\/p>\n","protected":false},"author":1,"featured_media":0,"parent":0,"menu_order":0,"comment_status":"closed","ping_status":"closed","template":"elementor_header_footer","meta":{"footnotes":""},"class_list":["post-365","page","type-page","status-publish","hentry"],"_links":{"self":[{"href":"https:\/\/discoveringperutravel.com\/es\/wp-json\/wp\/v2\/pages\/365","targetHints":{"allow":["GET"]}}],"collection":[{"href":"https:\/\/discoveringperutravel.com\/es\/wp-json\/wp\/v2\/pages"}],"about":[{"href":"https:\/\/discoveringperutravel.com\/es\/wp-json\/wp\/v2\/types\/page"}],"author":[{"embeddable":true,"href":"https:\/\/discoveringperutravel.com\/es\/wp-json\/wp\/v2\/users\/1"}],"replies":[{"embeddable":true,"href":"https:\/\/discoveringperutravel.com\/es\/wp-json\/wp\/v2\/comments?post=365"}],"version-history":[{"count":22,"href":"https:\/\/discoveringperutravel.com\/es\/wp-json\/wp\/v2\/pages\/365\/revisions"}],"predecessor-version":[{"id":643,"href":"https:\/\/discoveringperutravel.com\/es\/wp-json\/wp\/v2\/pages\/365\/revisions\/643"}],"wp:attachment":[{"href":"https:\/\/discoveringperutravel.com\/es\/wp-json\/wp\/v2\/media?parent=365"}],"curies":[{"name":"wp","href":"https:\/\/api.w.org\/{rel}","templated":true}]}}